{"id":848,"date":"2025-04-25T15:36:38","date_gmt":"2025-04-25T13:36:38","guid":{"rendered":"https:\/\/neu.architekturpfad.ch\/declaration-de-confidentialite\/"},"modified":"2025-06-23T19:29:26","modified_gmt":"2025-06-23T17:29:26","slug":"declaration-de-confidentialite","status":"publish","type":"page","link":"https:\/\/architekturpfad.ch\/fr\/declaration-de-confidentialite\/","title":{"rendered":"D\u00e9claration de confidentialit\u00e9"},"content":{"rendered":"<section class=\"fusion-fullwidth fullwidth-box fusion-builder-row-1 fusion-flex-container has-pattern-background has-mask-background nonhundred-percent-fullwidth non-hundred-percent-height-scrolling\" style=\"--awb-border-radius-top-left:0px;--awb-border-radius-top-right:0px;--awb-border-radius-bottom-right:0px;--awb-border-radius-bottom-left:0px;--awb-padding-top:5%;--awb-padding-bottom:7%;--awb-flex-wrap:wrap;\" ><div class=\"fusion-builder-row fusion-row fusion-flex-align-items-flex-start fusion-flex-justify-content-center fusion-flex-content-wrap\" style=\"max-width:1420.64px;margin-left: calc(-4% \/ 2 );margin-right: calc(-4% \/ 2 );\"><div class=\"fusion-layout-column fusion_builder_column fusion-builder-column-0 fusion_builder_column_3_5 3_5 fusion-flex-column\" style=\"--awb-bg-size:cover;--awb-width-large:60%;--awb-margin-top-large:0px;--awb-spacing-right-large:3.2%;--awb-margin-bottom-large:20px;--awb-spacing-left-large:3.2%;--awb-width-medium:60%;--awb-order-medium:0;--awb-spacing-right-medium:3.2%;--awb-spacing-left-medium:3.2%;--awb-width-small:100%;--awb-order-small:0;--awb-spacing-right-small:1.92%;--awb-spacing-left-small:1.92%;\"><div class=\"fusion-column-wrapper fusion-column-has-shadow fusion-flex-justify-content-flex-start fusion-content-layout-column\"><div class=\"fusion-text fusion-text-1\"><h1 style=\"text-align: center;\">D\u00e9claration de confidentialit\u00e9<\/h1>\n<\/div><div class=\"fusion-separator fusion-full-width-sep heading-separator\" style=\"align-self: center;margin-left: auto;margin-right: auto;width:100%;\"><div class=\"fusion-separator-border sep-single\" style=\"--awb-height:20px;--awb-amount:20px;border-color:var(--awb-color4);border-top-width:2px;\"><\/div><\/div><\/div><\/div><\/div><\/section>\n","protected":false},"excerpt":{"rendered":"","protected":false},"author":1,"featured_media":0,"parent":0,"menu_order":0,"comment_status":"closed","ping_status":"closed","template":"100-width.php","meta":{"footnotes":""},"class_list":["post-848","page","type-page","status-publish","hentry"],"yoast_head":"<!-- This site is optimized with the Yoast SEO plugin v27.4 - https:\/\/yoast.com\/product\/yoast-seo-wordpress\/ -->\n<title>D\u00e9claration de confidentialit\u00e9 - Architekturpfade<\/title>\n<meta name=\"description\" content=\"Notre politique de confidentialit\u00e9.\" \/>\n<meta name=\"robots\" content=\"index, follow, max-snippet:-1, max-image-preview:large, max-video-preview:-1\" \/>\n<link rel=\"canonical\" href=\"https:\/\/architekturpfad.ch\/fr\/declaration-de-confidentialite\/\" \/>\n<meta property=\"og:locale\" content=\"fr_FR\" \/>\n<meta property=\"og:type\" content=\"article\" \/>\n<meta property=\"og:title\" content=\"D\u00e9claration de confidentialit\u00e9 - Architekturpfade\" \/>\n<meta property=\"og:description\" content=\"Notre politique de confidentialit\u00e9.\" \/>\n<meta property=\"og:url\" content=\"https:\/\/architekturpfad.ch\/fr\/declaration-de-confidentialite\/\" \/>\n<meta property=\"og:site_name\" content=\"Architekturpfade\" \/>\n<meta property=\"article:modified_time\" content=\"2025-06-23T17:29:26+00:00\" \/>\n<meta name=\"twitter:card\" content=\"summary_large_image\" \/>\n<meta name=\"twitter:label1\" content=\"Dur\u00e9e de lecture estim\u00e9e\" \/>\n\t<meta name=\"twitter:data1\" content=\"5 minutes\" \/>\n<script type=\"application\/ld+json\" class=\"yoast-schema-graph\">{\"@context\":\"https:\\\/\\\/schema.org\",\"@graph\":[{\"@type\":\"WebPage\",\"@id\":\"https:\\\/\\\/architekturpfad.ch\\\/fr\\\/declaration-de-confidentialite\\\/\",\"url\":\"https:\\\/\\\/architekturpfad.ch\\\/fr\\\/declaration-de-confidentialite\\\/\",\"name\":\"D\u00e9claration de confidentialit\u00e9 - Architekturpfade\",\"isPartOf\":{\"@id\":\"https:\\\/\\\/architekturpfad.ch\\\/fr\\\/#website\"},\"datePublished\":\"2025-04-25T13:36:38+00:00\",\"dateModified\":\"2025-06-23T17:29:26+00:00\",\"description\":\"Notre politique de confidentialit\u00e9.\",\"breadcrumb\":{\"@id\":\"https:\\\/\\\/architekturpfad.ch\\\/fr\\\/declaration-de-confidentialite\\\/#breadcrumb\"},\"inLanguage\":\"fr-FR\",\"potentialAction\":[{\"@type\":\"ReadAction\",\"target\":[\"https:\\\/\\\/architekturpfad.ch\\\/fr\\\/declaration-de-confidentialite\\\/\"]}]},{\"@type\":\"BreadcrumbList\",\"@id\":\"https:\\\/\\\/architekturpfad.ch\\\/fr\\\/declaration-de-confidentialite\\\/#breadcrumb\",\"itemListElement\":[{\"@type\":\"ListItem\",\"position\":1,\"name\":\"Startseite\",\"item\":\"https:\\\/\\\/architekturpfad.ch\\\/fr\\\/\"},{\"@type\":\"ListItem\",\"position\":2,\"name\":\"D\u00e9claration de confidentialit\u00e9\"}]},{\"@type\":\"WebSite\",\"@id\":\"https:\\\/\\\/architekturpfad.ch\\\/fr\\\/#website\",\"url\":\"https:\\\/\\\/architekturpfad.ch\\\/fr\\\/\",\"name\":\"Architekturpfade\",\"description\":\"\",\"publisher\":{\"@id\":\"https:\\\/\\\/architekturpfad.ch\\\/fr\\\/#organization\"},\"potentialAction\":[{\"@type\":\"SearchAction\",\"target\":{\"@type\":\"EntryPoint\",\"urlTemplate\":\"https:\\\/\\\/architekturpfad.ch\\\/fr\\\/?s={search_term_string}\"},\"query-input\":{\"@type\":\"PropertyValueSpecification\",\"valueRequired\":true,\"valueName\":\"search_term_string\"}}],\"inLanguage\":\"fr-FR\"},{\"@type\":\"Organization\",\"@id\":\"https:\\\/\\\/architekturpfad.ch\\\/fr\\\/#organization\",\"name\":\"Architekturpfade\",\"url\":\"https:\\\/\\\/architekturpfad.ch\\\/fr\\\/\",\"logo\":{\"@type\":\"ImageObject\",\"inLanguage\":\"fr-FR\",\"@id\":\"https:\\\/\\\/architekturpfad.ch\\\/fr\\\/#\\\/schema\\\/logo\\\/image\\\/\",\"url\":\"https:\\\/\\\/architekturpfad.ch\\\/wp-content\\\/uploads\\\/2025\\\/03\\\/Architekturpfade_Logo_retina_v1.png\",\"contentUrl\":\"https:\\\/\\\/architekturpfad.ch\\\/wp-content\\\/uploads\\\/2025\\\/03\\\/Architekturpfade_Logo_retina_v1.png\",\"width\":1134,\"height\":142,\"caption\":\"Architekturpfade\"},\"image\":{\"@id\":\"https:\\\/\\\/architekturpfad.ch\\\/fr\\\/#\\\/schema\\\/logo\\\/image\\\/\"}}]}<\/script>\n<!-- \/ Yoast SEO plugin. -->","yoast_head_json":{"title":"D\u00e9claration de confidentialit\u00e9 - Architekturpfade","description":"Notre politique de confidentialit\u00e9.","robots":{"index":"index","follow":"follow","max-snippet":"max-snippet:-1","max-image-preview":"max-image-preview:large","max-video-preview":"max-video-preview:-1"},"canonical":"https:\/\/architekturpfad.ch\/fr\/declaration-de-confidentialite\/","og_locale":"fr_FR","og_type":"article","og_title":"D\u00e9claration de confidentialit\u00e9 - Architekturpfade","og_description":"Notre politique de confidentialit\u00e9.","og_url":"https:\/\/architekturpfad.ch\/fr\/declaration-de-confidentialite\/","og_site_name":"Architekturpfade","article_modified_time":"2025-06-23T17:29:26+00:00","twitter_card":"summary_large_image","twitter_misc":{"Dur\u00e9e de lecture estim\u00e9e":"5 minutes"},"schema":{"@context":"https:\/\/schema.org","@graph":[{"@type":"WebPage","@id":"https:\/\/architekturpfad.ch\/fr\/declaration-de-confidentialite\/","url":"https:\/\/architekturpfad.ch\/fr\/declaration-de-confidentialite\/","name":"D\u00e9claration de confidentialit\u00e9 - Architekturpfade","isPartOf":{"@id":"https:\/\/architekturpfad.ch\/fr\/#website"},"datePublished":"2025-04-25T13:36:38+00:00","dateModified":"2025-06-23T17:29:26+00:00","description":"Notre politique de confidentialit\u00e9.","breadcrumb":{"@id":"https:\/\/architekturpfad.ch\/fr\/declaration-de-confidentialite\/#breadcrumb"},"inLanguage":"fr-FR","potentialAction":[{"@type":"ReadAction","target":["https:\/\/architekturpfad.ch\/fr\/declaration-de-confidentialite\/"]}]},{"@type":"BreadcrumbList","@id":"https:\/\/architekturpfad.ch\/fr\/declaration-de-confidentialite\/#breadcrumb","itemListElement":[{"@type":"ListItem","position":1,"name":"Startseite","item":"https:\/\/architekturpfad.ch\/fr\/"},{"@type":"ListItem","position":2,"name":"D\u00e9claration de confidentialit\u00e9"}]},{"@type":"WebSite","@id":"https:\/\/architekturpfad.ch\/fr\/#website","url":"https:\/\/architekturpfad.ch\/fr\/","name":"Architekturpfade","description":"","publisher":{"@id":"https:\/\/architekturpfad.ch\/fr\/#organization"},"potentialAction":[{"@type":"SearchAction","target":{"@type":"EntryPoint","urlTemplate":"https:\/\/architekturpfad.ch\/fr\/?s={search_term_string}"},"query-input":{"@type":"PropertyValueSpecification","valueRequired":true,"valueName":"search_term_string"}}],"inLanguage":"fr-FR"},{"@type":"Organization","@id":"https:\/\/architekturpfad.ch\/fr\/#organization","name":"Architekturpfade","url":"https:\/\/architekturpfad.ch\/fr\/","logo":{"@type":"ImageObject","inLanguage":"fr-FR","@id":"https:\/\/architekturpfad.ch\/fr\/#\/schema\/logo\/image\/","url":"https:\/\/architekturpfad.ch\/wp-content\/uploads\/2025\/03\/Architekturpfade_Logo_retina_v1.png","contentUrl":"https:\/\/architekturpfad.ch\/wp-content\/uploads\/2025\/03\/Architekturpfade_Logo_retina_v1.png","width":1134,"height":142,"caption":"Architekturpfade"},"image":{"@id":"https:\/\/architekturpfad.ch\/fr\/#\/schema\/logo\/image\/"}}]}},"_links":{"self":[{"href":"https:\/\/architekturpfad.ch\/fr\/wp-json\/wp\/v2\/pages\/848","targetHints":{"allow":["GET"]}}],"collection":[{"href":"https:\/\/architekturpfad.ch\/fr\/wp-json\/wp\/v2\/pages"}],"about":[{"href":"https:\/\/architekturpfad.ch\/fr\/wp-json\/wp\/v2\/types\/page"}],"author":[{"embeddable":true,"href":"https:\/\/architekturpfad.ch\/fr\/wp-json\/wp\/v2\/users\/1"}],"replies":[{"embeddable":true,"href":"https:\/\/architekturpfad.ch\/fr\/wp-json\/wp\/v2\/comments?post=848"}],"version-history":[{"count":1,"href":"https:\/\/architekturpfad.ch\/fr\/wp-json\/wp\/v2\/pages\/848\/revisions"}],"predecessor-version":[{"id":857,"href":"https:\/\/architekturpfad.ch\/fr\/wp-json\/wp\/v2\/pages\/848\/revisions\/857"}],"wp:attachment":[{"href":"https:\/\/architekturpfad.ch\/fr\/wp-json\/wp\/v2\/media?parent=848"}],"curies":[{"name":"wp","href":"https:\/\/api.w.org\/{rel}","templated":true}]}}