{"id":970,"date":"2025-04-25T14:31:37","date_gmt":"2025-04-25T12:31:37","guid":{"rendered":"https:\/\/neu.architekturpfad.ch\/association\/"},"modified":"2026-03-20T10:26:52","modified_gmt":"2026-03-20T09:26:52","slug":"association","status":"publish","type":"page","link":"https:\/\/architekturpfad.ch\/fr\/association\/","title":{"rendered":"Association"},"content":{"rendered":"<p><section class=\"fusion-fullwidth fullwidth-box fusion-builder-row-1 fusion-flex-container has-pattern-background has-mask-background nonhundred-percent-fullwidth non-hundred-percent-height-scrolling\" style=\"--awb-border-radius-top-left:0px;--awb-border-radius-top-right:0px;--awb-border-radius-bottom-right:0px;--awb-border-radius-bottom-left:0px;--awb-padding-top:5%;--awb-padding-bottom:7%;--awb-flex-wrap:wrap;\" ><div class=\"fusion-builder-row fusion-row fusion-flex-align-items-flex-start fusion-flex-justify-content-center fusion-flex-content-wrap\" style=\"max-width:1420.64px;margin-left: calc(-4% \/ 2 );margin-right: calc(-4% \/ 2 );\"><div class=\"fusion-layout-column fusion_builder_column fusion-builder-column-0 fusion_builder_column_3_5 3_5 fusion-flex-column\" style=\"--awb-bg-size:cover;--awb-width-large:60%;--awb-margin-top-large:0px;--awb-spacing-right-large:3.2%;--awb-margin-bottom-large:20px;--awb-spacing-left-large:3.2%;--awb-width-medium:60%;--awb-order-medium:0;--awb-spacing-right-medium:3.2%;--awb-spacing-left-medium:3.2%;--awb-width-small:100%;--awb-order-small:0;--awb-spacing-right-small:1.92%;--awb-spacing-left-small:1.92%;\"><div class=\"fusion-column-wrapper fusion-column-has-shadow fusion-flex-justify-content-flex-start fusion-content-layout-column\"><div class=\"fusion-title title fusion-title-1 fusion-sep-none fusion-title-text fusion-title-size-one\"><h1 class=\"fusion-title-heading title-heading-left\" style=\"margin:0;\"><h1 style=\"text-align: center;\">Association &lsquo;Sentier architectural Dornach Arlesheim<\/h1><\/h1><\/div><div class=\"fusion-separator fusion-full-width-sep heading-separator\" style=\"align-self: center;margin-left: auto;margin-right: auto;width:100%;\"><div class=\"fusion-separator-border sep-single\" style=\"--awb-height:20px;--awb-amount:20px;border-color:var(--awb-color4);border-top-width:2px;\"><\/div><\/div><div class=\"fusion-text fusion-text-1\"><p><strong>Devenez membre ou faites un don pour soutenir notre travail !<\/strong><\/p>\n<p>L&rsquo;association &lsquo;Architekturpfad Dornach Arlesheim&rsquo; est responsable du sentier de l&rsquo;architecture. Elle rend accessible \u00e0 un large public et fait mieux conna\u00eetre ce bien culturel unique qu&rsquo;est la &lsquo;colonie de Dornach&rsquo; - qui compte actuellement environ 180 b\u00e2timents d&rsquo;habitation et fonctionnels de style architectural organique. L&rsquo;association poursuit exclusivement des objectifs d&rsquo;utilit\u00e9 publique.  <\/p>\n<p>Les t\u00e2ches de l&rsquo;association comprennent notamment la gestion et l&rsquo;entretien du sentier de l&rsquo;architecture, l&rsquo;organisation de visites guid\u00e9es et de manifestations, les relations publiques ainsi que la mise en r\u00e9seau et la collaboration avec les personnes int\u00e9ress\u00e9es, les propri\u00e9taires de maisons, les organisations poursuivant des objectifs similaires et les communes de Dornach et Arlesheim.<\/p>\n<p>Votre adh\u00e9sion ou votre don contribue \u00e0 assurer et \u00e0 d\u00e9velopper ces travaux.<\/p>\n<p>L&rsquo;association est ouverte \u00e0 toutes les personnes int\u00e9ress\u00e9es. Les personnes physiques et morales peuvent devenir membres. La cotisation des membres individuels et des membres de soutien est de 50 francs suisses, celle des membres collectifs de 500 francs suisses.<\/p>\n<p><a href=\"mailto:info@architekturpfad.ch\"><strong>Rejoindre &lsquo;<\/strong><\/a><\/p>\n<p>Coordonn\u00e9es bancaires pour les dons :<\/p>\n<p>Historique : Le sentier architectural Dornach Arlesheim a \u00e9t\u00e9 con\u00e7u et r\u00e9alis\u00e9 en 2011 gr\u00e2ce \u00e0 l&rsquo;action conjointe des communes de Dornach et d&rsquo;Arlesheim, de la Soci\u00e9t\u00e9 anthroposophique suisse, de la Fondation Edith Maryon et du Goetheanum, en collaboration avec la Fachhochschule Nordwestschweiz et d&rsquo;autres institutions. Il a \u00e9t\u00e9 inaugur\u00e9 en grande pompe le 3 septembre 2011, puis pr\u00e9sent\u00e9 \u00e0 un large public lors d&rsquo;une &lsquo;journ\u00e9e portes ouvertes&rsquo;. L&rsquo;association &lsquo;Architekturpfad Dornach Arlesheim&rsquo; a \u00e9t\u00e9 fond\u00e9e le 14 f\u00e9vrier 2013.  <\/p>\n<p style=\"text-align: left;\"><a href=\"https:\/\/architekturpfad.ch\/wp-content\/uploads\/2025\/05\/Statuten_ab_4.2020_.pdf\">Nos statuts &lsquo;<\/a><\/p>\n<\/div><\/div><\/div><\/div><\/section><section class=\"fusion-fullwidth fullwidth-box fusion-builder-row-2 fusion-flex-container has-pattern-background has-mask-background nonhundred-percent-fullwidth non-hundred-percent-height-scrolling\" style=\"--awb-border-radius-top-left:0px;--awb-border-radius-top-right:0px;--awb-border-radius-bottom-right:0px;--awb-border-radius-bottom-left:0px;--awb-padding-top:5%;--awb-padding-bottom:7%;--awb-background-color:var(--awb-color3);--awb-flex-wrap:wrap;\" ><div class=\"fusion-builder-row fusion-row fusion-flex-align-items-flex-start fusion-flex-justify-content-center fusion-flex-content-wrap\" style=\"max-width:1420.64px;margin-left: calc(-4% \/ 2 );margin-right: calc(-4% \/ 2 );\"><div class=\"fusion-layout-column fusion_builder_column fusion-builder-column-1 fusion_builder_column_1_5 1_5 fusion-flex-column\" style=\"--awb-bg-size:cover;--awb-width-large:20%;--awb-margin-top-large:0px;--awb-spacing-right-large:9.6%;--awb-margin-bottom-large:20px;--awb-spacing-left-large:9.6%;--awb-width-medium:20%;--awb-order-medium:0;--awb-spacing-right-medium:9.6%;--awb-spacing-left-medium:9.6%;--awb-width-small:100%;--awb-order-small:0;--awb-spacing-right-small:1.92%;--awb-spacing-left-small:1.92%;\"><div class=\"fusion-column-wrapper fusion-column-has-shadow fusion-flex-justify-content-flex-start fusion-content-layout-column\"><\/div><\/div><div class=\"fusion-layout-column fusion_builder_column fusion-builder-column-2 fusion_builder_column_1_2 1_2 fusion-flex-column\" style=\"--awb-bg-size:cover;--awb-width-large:50%;--awb-margin-top-large:0px;--awb-spacing-right-large:3.84%;--awb-margin-bottom-large:20px;--awb-spacing-left-large:3.84%;--awb-width-medium:50%;--awb-order-medium:0;--awb-spacing-right-medium:3.84%;--awb-spacing-left-medium:3.84%;--awb-width-small:100%;--awb-order-small:0;--awb-spacing-right-small:1.92%;--awb-spacing-left-small:1.92%;\"><div class=\"fusion-column-wrapper fusion-column-has-shadow fusion-flex-justify-content-flex-start fusion-content-layout-column\"><div class=\"fusion-text fusion-text-2 fusion-text-no-margin\"><h2 style=\"text-align: center;\">Conseil d&rsquo;administration de l&rsquo;association<\/h2>\n<\/div><div class=\"fusion-separator fusion-full-width-sep heading-separator\" style=\"align-self: center;margin-left: auto;margin-right: auto;width:100%;\"><div class=\"fusion-separator-border sep-single\" style=\"--awb-height:20px;--awb-amount:20px;border-color:var(--awb-color4);border-top-width:2px;\"><\/div><\/div><\/div><\/div><div class=\"fusion-layout-column fusion_builder_column fusion-builder-column-3 fusion_builder_column_1_5 1_5 fusion-flex-column\" style=\"--awb-bg-size:cover;--awb-width-large:20%;--awb-margin-top-large:0px;--awb-spacing-right-large:9.6%;--awb-margin-bottom-large:20px;--awb-spacing-left-large:9.6%;--awb-width-medium:20%;--awb-order-medium:0;--awb-spacing-right-medium:9.6%;--awb-spacing-left-medium:9.6%;--awb-width-small:100%;--awb-order-small:0;--awb-spacing-right-small:1.92%;--awb-spacing-left-small:1.92%;\"><div class=\"fusion-column-wrapper fusion-column-has-shadow fusion-flex-justify-content-flex-start fusion-content-layout-column\"><\/div><\/div><div class=\"fusion-layout-column fusion_builder_column fusion-builder-column-4 fusion_builder_column_1_2 1_2 fusion-flex-column vorstand-card\" style=\"--awb-bg-size:cover;--awb-width-large:50%;--awb-margin-top-large:0px;--awb-spacing-right-large:3.84%;--awb-margin-bottom-large:20px;--awb-spacing-left-large:3.84%;--awb-width-medium:50%;--awb-order-medium:0;--awb-spacing-right-medium:3.84%;--awb-spacing-left-medium:3.84%;--awb-width-small:100%;--awb-order-small:0;--awb-spacing-right-small:1.92%;--awb-spacing-left-small:1.92%;\" data-scroll-devices=\"small-visibility,medium-visibility,large-visibility\"><div class=\"fusion-column-wrapper fusion-column-has-shadow fusion-flex-justify-content-flex-start fusion-content-layout-column\"><div class=\"fusion-text fusion-text-3\"><p>Heiko Dienemann, Denise Gilgen, Dr Henrik Hilbig, Milena Kowarik, Dr Ulrich Kriese, Marcia Marggraf, Kevin Voegtli<\/p>\n<\/div><\/div><\/div><\/div><\/section><section class=\"fusion-fullwidth fullwidth-box fusion-builder-row-3 fusion-flex-container has-pattern-background has-mask-background nonhundred-percent-fullwidth non-hundred-percent-height-scrolling\" style=\"--awb-border-radius-top-left:0px;--awb-border-radius-top-right:0px;--awb-border-radius-bottom-right:0px;--awb-border-radius-bottom-left:0px;--awb-padding-top:5%;--awb-padding-bottom:7%;--awb-background-color:var(--awb-color1);--awb-flex-wrap:wrap;\" ><div class=\"fusion-builder-row fusion-row fusion-flex-align-items-flex-start fusion-flex-justify-content-center fusion-flex-content-wrap\" style=\"max-width:1420.64px;margin-left: calc(-4% \/ 2 );margin-right: calc(-4% \/ 2 );\"><\/div><\/section><\/p>\n","protected":false},"excerpt":{"rendered":"","protected":false},"author":1,"featured_media":0,"parent":0,"menu_order":0,"comment_status":"closed","ping_status":"closed","template":"100-width.php","meta":{"footnotes":""},"class_list":["post-970","page","type-page","status-publish","hentry"],"yoast_head":"<!-- This site is optimized with the Yoast SEO plugin v27.4 - https:\/\/yoast.com\/product\/yoast-seo-wordpress\/ -->\n<title>Association - Architekturpfade<\/title>\n<meta name=\"description\" content=\"L&#039;association rend accessible et fait conna\u00eetre \u00e0 un large public ce bien culturel unique, qui compte actuellement quelque 180 b\u00e2timents d&#039;habitation et fonctionnels.\" \/>\n<meta name=\"robots\" content=\"index, follow, max-snippet:-1, max-image-preview:large, max-video-preview:-1\" \/>\n<link rel=\"canonical\" href=\"https:\/\/architekturpfad.ch\/fr\/association\/\" \/>\n<meta property=\"og:locale\" content=\"fr_FR\" \/>\n<meta property=\"og:type\" content=\"article\" \/>\n<meta property=\"og:title\" content=\"Association - Architekturpfade\" \/>\n<meta property=\"og:description\" content=\"L&#039;association rend accessible et fait conna\u00eetre \u00e0 un large public ce bien culturel unique, qui compte actuellement quelque 180 b\u00e2timents d&#039;habitation et fonctionnels.\" \/>\n<meta property=\"og:url\" content=\"https:\/\/architekturpfad.ch\/fr\/association\/\" \/>\n<meta property=\"og:site_name\" content=\"Architekturpfade\" \/>\n<meta property=\"article:modified_time\" content=\"2026-03-20T09:26:52+00:00\" \/>\n<meta name=\"twitter:card\" content=\"summary_large_image\" \/>\n<meta name=\"twitter:label1\" content=\"Dur\u00e9e de lecture estim\u00e9e\" \/>\n\t<meta name=\"twitter:data1\" content=\"14 minutes\" \/>\n<script type=\"application\/ld+json\" class=\"yoast-schema-graph\">{\"@context\":\"https:\\\/\\\/schema.org\",\"@graph\":[{\"@type\":\"WebPage\",\"@id\":\"https:\\\/\\\/architekturpfad.ch\\\/fr\\\/association\\\/\",\"url\":\"https:\\\/\\\/architekturpfad.ch\\\/fr\\\/association\\\/\",\"name\":\"Association - Architekturpfade\",\"isPartOf\":{\"@id\":\"https:\\\/\\\/architekturpfad.ch\\\/fr\\\/#website\"},\"datePublished\":\"2025-04-25T12:31:37+00:00\",\"dateModified\":\"2026-03-20T09:26:52+00:00\",\"description\":\"L'association rend accessible et fait conna\u00eetre \u00e0 un large public ce bien culturel unique, qui compte actuellement quelque 180 b\u00e2timents d'habitation et fonctionnels.\",\"breadcrumb\":{\"@id\":\"https:\\\/\\\/architekturpfad.ch\\\/fr\\\/association\\\/#breadcrumb\"},\"inLanguage\":\"fr-FR\",\"potentialAction\":[{\"@type\":\"ReadAction\",\"target\":[\"https:\\\/\\\/architekturpfad.ch\\\/fr\\\/association\\\/\"]}]},{\"@type\":\"BreadcrumbList\",\"@id\":\"https:\\\/\\\/architekturpfad.ch\\\/fr\\\/association\\\/#breadcrumb\",\"itemListElement\":[{\"@type\":\"ListItem\",\"position\":1,\"name\":\"Startseite\",\"item\":\"https:\\\/\\\/architekturpfad.ch\\\/fr\\\/\"},{\"@type\":\"ListItem\",\"position\":2,\"name\":\"Association\"}]},{\"@type\":\"WebSite\",\"@id\":\"https:\\\/\\\/architekturpfad.ch\\\/fr\\\/#website\",\"url\":\"https:\\\/\\\/architekturpfad.ch\\\/fr\\\/\",\"name\":\"Architekturpfade\",\"description\":\"\",\"publisher\":{\"@id\":\"https:\\\/\\\/architekturpfad.ch\\\/fr\\\/#organization\"},\"potentialAction\":[{\"@type\":\"SearchAction\",\"target\":{\"@type\":\"EntryPoint\",\"urlTemplate\":\"https:\\\/\\\/architekturpfad.ch\\\/fr\\\/?s={search_term_string}\"},\"query-input\":{\"@type\":\"PropertyValueSpecification\",\"valueRequired\":true,\"valueName\":\"search_term_string\"}}],\"inLanguage\":\"fr-FR\"},{\"@type\":\"Organization\",\"@id\":\"https:\\\/\\\/architekturpfad.ch\\\/fr\\\/#organization\",\"name\":\"Architekturpfade\",\"url\":\"https:\\\/\\\/architekturpfad.ch\\\/fr\\\/\",\"logo\":{\"@type\":\"ImageObject\",\"inLanguage\":\"fr-FR\",\"@id\":\"https:\\\/\\\/architekturpfad.ch\\\/fr\\\/#\\\/schema\\\/logo\\\/image\\\/\",\"url\":\"https:\\\/\\\/architekturpfad.ch\\\/wp-content\\\/uploads\\\/2025\\\/03\\\/Architekturpfade_Logo_retina_v1.png\",\"contentUrl\":\"https:\\\/\\\/architekturpfad.ch\\\/wp-content\\\/uploads\\\/2025\\\/03\\\/Architekturpfade_Logo_retina_v1.png\",\"width\":1134,\"height\":142,\"caption\":\"Architekturpfade\"},\"image\":{\"@id\":\"https:\\\/\\\/architekturpfad.ch\\\/fr\\\/#\\\/schema\\\/logo\\\/image\\\/\"}}]}<\/script>\n<!-- \/ Yoast SEO plugin. -->","yoast_head_json":{"title":"Association - Architekturpfade","description":"L'association rend accessible et fait conna\u00eetre \u00e0 un large public ce bien culturel unique, qui compte actuellement quelque 180 b\u00e2timents d'habitation et fonctionnels.","robots":{"index":"index","follow":"follow","max-snippet":"max-snippet:-1","max-image-preview":"max-image-preview:large","max-video-preview":"max-video-preview:-1"},"canonical":"https:\/\/architekturpfad.ch\/fr\/association\/","og_locale":"fr_FR","og_type":"article","og_title":"Association - Architekturpfade","og_description":"L'association rend accessible et fait conna\u00eetre \u00e0 un large public ce bien culturel unique, qui compte actuellement quelque 180 b\u00e2timents d'habitation et fonctionnels.","og_url":"https:\/\/architekturpfad.ch\/fr\/association\/","og_site_name":"Architekturpfade","article_modified_time":"2026-03-20T09:26:52+00:00","twitter_card":"summary_large_image","twitter_misc":{"Dur\u00e9e de lecture estim\u00e9e":"14 minutes"},"schema":{"@context":"https:\/\/schema.org","@graph":[{"@type":"WebPage","@id":"https:\/\/architekturpfad.ch\/fr\/association\/","url":"https:\/\/architekturpfad.ch\/fr\/association\/","name":"Association - Architekturpfade","isPartOf":{"@id":"https:\/\/architekturpfad.ch\/fr\/#website"},"datePublished":"2025-04-25T12:31:37+00:00","dateModified":"2026-03-20T09:26:52+00:00","description":"L'association rend accessible et fait conna\u00eetre \u00e0 un large public ce bien culturel unique, qui compte actuellement quelque 180 b\u00e2timents d'habitation et fonctionnels.","breadcrumb":{"@id":"https:\/\/architekturpfad.ch\/fr\/association\/#breadcrumb"},"inLanguage":"fr-FR","potentialAction":[{"@type":"ReadAction","target":["https:\/\/architekturpfad.ch\/fr\/association\/"]}]},{"@type":"BreadcrumbList","@id":"https:\/\/architekturpfad.ch\/fr\/association\/#breadcrumb","itemListElement":[{"@type":"ListItem","position":1,"name":"Startseite","item":"https:\/\/architekturpfad.ch\/fr\/"},{"@type":"ListItem","position":2,"name":"Association"}]},{"@type":"WebSite","@id":"https:\/\/architekturpfad.ch\/fr\/#website","url":"https:\/\/architekturpfad.ch\/fr\/","name":"Architekturpfade","description":"","publisher":{"@id":"https:\/\/architekturpfad.ch\/fr\/#organization"},"potentialAction":[{"@type":"SearchAction","target":{"@type":"EntryPoint","urlTemplate":"https:\/\/architekturpfad.ch\/fr\/?s={search_term_string}"},"query-input":{"@type":"PropertyValueSpecification","valueRequired":true,"valueName":"search_term_string"}}],"inLanguage":"fr-FR"},{"@type":"Organization","@id":"https:\/\/architekturpfad.ch\/fr\/#organization","name":"Architekturpfade","url":"https:\/\/architekturpfad.ch\/fr\/","logo":{"@type":"ImageObject","inLanguage":"fr-FR","@id":"https:\/\/architekturpfad.ch\/fr\/#\/schema\/logo\/image\/","url":"https:\/\/architekturpfad.ch\/wp-content\/uploads\/2025\/03\/Architekturpfade_Logo_retina_v1.png","contentUrl":"https:\/\/architekturpfad.ch\/wp-content\/uploads\/2025\/03\/Architekturpfade_Logo_retina_v1.png","width":1134,"height":142,"caption":"Architekturpfade"},"image":{"@id":"https:\/\/architekturpfad.ch\/fr\/#\/schema\/logo\/image\/"}}]}},"_links":{"self":[{"href":"https:\/\/architekturpfad.ch\/fr\/wp-json\/wp\/v2\/pages\/970","targetHints":{"allow":["GET"]}}],"collection":[{"href":"https:\/\/architekturpfad.ch\/fr\/wp-json\/wp\/v2\/pages"}],"about":[{"href":"https:\/\/architekturpfad.ch\/fr\/wp-json\/wp\/v2\/types\/page"}],"author":[{"embeddable":true,"href":"https:\/\/architekturpfad.ch\/fr\/wp-json\/wp\/v2\/users\/1"}],"replies":[{"embeddable":true,"href":"https:\/\/architekturpfad.ch\/fr\/wp-json\/wp\/v2\/comments?post=970"}],"version-history":[{"count":4,"href":"https:\/\/architekturpfad.ch\/fr\/wp-json\/wp\/v2\/pages\/970\/revisions"}],"predecessor-version":[{"id":1756,"href":"https:\/\/architekturpfad.ch\/fr\/wp-json\/wp\/v2\/pages\/970\/revisions\/1756"}],"wp:attachment":[{"href":"https:\/\/architekturpfad.ch\/fr\/wp-json\/wp\/v2\/media?parent=970"}],"curies":[{"name":"wp","href":"https:\/\/api.w.org\/{rel}","templated":true}]}}